{"id":566,"date":"2022-04-30T07:39:57","date_gmt":"2022-04-30T14:39:57","guid":{"rendered":"https:\/\/gabrielprojecteasttexas.org\/?page_id=566"},"modified":"2023-10-19T20:33:37","modified_gmt":"2023-10-20T03:33:37","slug":"about-the-gabriel-project","status":"publish","type":"page","link":"https:\/\/gabrielprojecteasttexas.org\/es\/about-the-gabriel-project\/","title":{"rendered":"Sobre nosotros"},"content":{"rendered":"<p><a href=\"https:\/\/gabrielprojecteasttexas.org\/es\/\">Casa<\/a> | Sobre nosotros<\/p>\n<h1>\n\t\tAcerca del Proyecto Gabriel del Este de Texas\n\t<\/h1>\n<h2>\n\t\tAyuda a la madre y al ni\u00f1o necesitados\n\t<\/h2>\n<h3>\n\t\tNuestro objetivo es ayudar a las mujeres a elegir la vida para su hijo no nacido, ofreci\u00e9ndoles \u00e1nimo, amor y ayuda pr\u00e1ctica.\n\t<\/h3>\n\t<p><img loading=\"lazy\" decoding=\"async\" title=\"The Madonna of the Streets\" src=\"https:\/\/gabrielprojecteasttexas.org\/wp-content\/uploads\/2022\/04\/MadonnaoftheStreetsOval-243x300.png\" alt=\"Madonna of the Streets\" width=\"243\" height=\"300\" \/>The volunteer members of the <strong>Proyecto Gabriel del Este de Texas<\/strong> see in the birth of each baby a fresh expression of God&#8217;s unfailing love. They offer immediate and practical help to any woman faced with an unexpected pregnancy. We are committed to respond with love to any woman facing an unexpected pregnancy.<\/p>\n<p>El Proyecto Gabriel comenz\u00f3 en 1973, cuando el p\u00e1rroco de una iglesia cat\u00f3lica de Texas coloc\u00f3 un cartel en el que ofrec\u00eda ayuda a cualquier mujer que tuviera un embarazo inesperado. El objetivo era llevar un mensaje de esperanza y consuelo a las madres que experimentaban miedo y preocupaci\u00f3n al enfrentarse a su embarazo.<\/p>\n<p>Catholic Christians have always held the Mother of God in high esteem and when the Angel Gabriel announced to her she was to be the mother of the Messiah, Mary asked, &#8220;How can this be?&#8221; But the angel told her to &#8220;Fear not! Nothing is impossible with God.&#8221; Mary responded, &#8220;Let it be done as you say.&#8221;<\/p>\n<p>Hoy nuestro mensaje a las nuevas madres es el mismo.<\/p>\n<h4><strong>&#8220;Fear not! God is with you!&#8221;\u00a0\u00a0<\/strong><\/h4>\n<p>The Gabriel Project offers a unique support system in the person of a trained volunteer who will walk along with you providing love, practical support and strength for you and your baby. You will be able to feel cherished and protected and know that a Church community is waiting to assist you with anything you need. Respect for human life, both the mother&#8217;s and the baby&#8217;s, requires each Church Community to reach out and offer assistance to those who may be overwhelmed by the decisions they must make. We offer this love and support based on the directive we have received from Jesus Christ to &#8220;Love one another as I have loved you&#8221;.<\/p>","protected":false},"excerpt":{"rendered":"<p>Home | About Us About the Gabriel Project of East Texas Help to mother and child in need Our Goal is to help women choose life for their unborn child by offering encouragement, love, and practical help. The volunteer members of the Gabriel Project of East Texas see in the birth of each baby a&hellip;<\/p>","protected":false},"author":1,"featured_media":665,"parent":0,"menu_order":0,"comment_status":"closed","ping_status":"closed","template":"","meta":{"_acf_changed":false,"_seopress_robots_primary_cat":"","_seopress_titles_title":"About Us - The Gabriel Project of East Texas","_seopress_titles_desc":"The Gabriel Project of East Texas offers free pregnancy help to woman faced with a crisis pregnancy, responding with love and compassion.","_seopress_robots_index":"","footnotes":""},"class_list":["post-566","page","type-page","status-publish","has-post-thumbnail","hentry"],"acf":[],"_links":{"self":[{"href":"https:\/\/gabrielprojecteasttexas.org\/es\/wp-json\/wp\/v2\/pages\/566","targetHints":{"allow":["GET"]}}],"collection":[{"href":"https:\/\/gabrielprojecteasttexas.org\/es\/wp-json\/wp\/v2\/pages"}],"about":[{"href":"https:\/\/gabrielprojecteasttexas.org\/es\/wp-json\/wp\/v2\/types\/page"}],"author":[{"embeddable":true,"href":"https:\/\/gabrielprojecteasttexas.org\/es\/wp-json\/wp\/v2\/users\/1"}],"replies":[{"embeddable":true,"href":"https:\/\/gabrielprojecteasttexas.org\/es\/wp-json\/wp\/v2\/comments?post=566"}],"version-history":[{"count":103,"href":"https:\/\/gabrielprojecteasttexas.org\/es\/wp-json\/wp\/v2\/pages\/566\/revisions"}],"predecessor-version":[{"id":2636,"href":"https:\/\/gabrielprojecteasttexas.org\/es\/wp-json\/wp\/v2\/pages\/566\/revisions\/2636"}],"wp:featuredmedia":[{"embeddable":true,"href":"https:\/\/gabrielprojecteasttexas.org\/es\/wp-json\/wp\/v2\/media\/665"}],"wp:attachment":[{"href":"https:\/\/gabrielprojecteasttexas.org\/es\/wp-json\/wp\/v2\/media?parent=566"}],"curies":[{"name":"wp","href":"https:\/\/api.w.org\/{rel}","templated":true}]}}