{"id":433,"date":"2019-10-02T18:46:17","date_gmt":"2019-10-02T18:46:17","guid":{"rendered":"http:\/\/www.gabrielprojecteasttexas.org\/en\/?page_id=433"},"modified":"2023-01-11T21:23:07","modified_gmt":"2023-01-12T04:23:07","slug":"options","status":"publish","type":"page","link":"https:\/\/gabrielprojecteasttexas.org\/es\/options\/","title":{"rendered":"You Have Pregnancy Options"},"content":{"rendered":"<p><a href=\"https:\/\/gabrielprojecteasttexas.org\/es\/\">Casa<\/a> | Tienes opciones<\/p>\n<h1>\n\t\t\u00a1Tienes opciones!\n\t<\/h1>\n\t<meta itemprop=\"name\" content=\"You Have Options\" \/><meta itemprop=\"uploadDate\" content=\"2022-05-19\" \/><meta itemprop=\"thumbnailUrl\" content=\"https:\/\/gabrielprojecteasttexas.org\/wp-content\/uploads\/2019\/06\/YouHaveOptions.png\" \/><meta itemprop=\"description\" content=\"Women speak about their unexpected pregnancies.\" \/><meta itemprop=\"contentUrl\" content=\"https:\/\/gabrielprojecteasttexas.org\/wp-content\/uploads\/2019\/06\/YouHaveOptions.mp4\" \/><meta itemprop=\"embedUrl\" content=\"https:\/\/gabrielprojecteasttexas.org\/wp-content\/uploads\/2019\/06\/YouHaveOptions.mp4\" \/><meta itemprop=\"url\" content=\"https:\/\/gabrielprojecteasttexas.org\/wp-content\/uploads\/2019\/06\/YouHaveOptions.mp4\" \/><meta itemprop=\"thumbnail\" content=\"\" \/><div style=\"width: 640px;\" class=\"wp-video\"><video class=\"wp-video-shortcode\" id=\"video-433-1\" width=\"640\" height=\"360\" preload=\"metadata\" controls=\"controls\"><source type=\"video\/mp4\" src=\"https:\/\/gabrielprojecteasttexas.org\/wp-content\/uploads\/2019\/06\/YouHaveOptions.mp4?_=1\" \/><a href=\"https:\/\/gabrielprojecteasttexas.org\/wp-content\/uploads\/2019\/06\/YouHaveOptions.mp4\">https:\/\/gabrielprojecteasttexas.org\/wp-content\/uploads\/2019\/06\/YouHaveOptions.mp4<\/a><\/video><\/div>\n\t<p>V\u00eddeo por cortes\u00eda de <a href=\"https:\/\/www.aidforwomen.org\/\" target=\"_blank\" rel=\"noopener\">Ayuda a las mujeres<\/a><\/p>\n\t<p>\u00bfSab\u00edas que en Texas la mujer tiene derecho a saber?<\/p>\n<p>When you are pregnant you have options. In Texas, you have a right to know the truth about your options. If you are a pregnant mother, you can choose parenting or adoption for the baby in your womb. Both are loving options.<\/p>\n<p>Gabriel Project&#8217;s Angels are available 24 hours a day, 7 days a week to help you. We are here to give you support and to help you explore various pregnancy options and the resources that are available to pregnant women in Tyler, Texas, and surrounding cities. We know that you are scared, and we are here to help ease your fears. We have helped many women who have been in a similar situation to yours, and some of our volunteers have experienced unexpected pregnancies, too. Please call us: <a href=\"tel:888-300-5112\">888-300-5112<\/a>.<\/p>\n\t<p>Puede obtener m\u00e1s informaci\u00f3n sobre sus opciones haciendo clic en las siguientes im\u00e1genes.<\/p>\n<a href=\"https:\/\/gabrielprojecteasttexas.org\/es\/pregnancy\/\"><img loading=\"lazy\" decoding=\"async\" src=\"https:\/\/gabrielprojecteasttexas.org\/wp-content\/uploads\/2022\/05\/16WeeksGestation.jpg\" alt=\"16 Weeks Gestation\" width=\"2400\" height=\"2400\" \/><\/a>\nEmbarazo\n<p><a href=\"https:\/\/gabrielprojecteasttexas.org\/es\/parenting\/\"><img loading=\"lazy\" decoding=\"async\" src=\"https:\/\/gabrielprojecteasttexas.org\/wp-content\/uploads\/2022\/05\/Parenting.jpg\" alt=\"Motherhood is a Gift from God\" width=\"2400\" height=\"2400\" \/><\/a><\/p>\nCrianza de los hijos\n<p><a href=\"https:\/\/gabrielprojecteasttexas.org\/es\/adoption\/\"><img loading=\"lazy\" decoding=\"async\" src=\"https:\/\/gabrielprojecteasttexas.org\/wp-content\/uploads\/2022\/05\/Adoption.jpg\" alt=\"Adoption is a Loving Option\" width=\"2400\" height=\"2400\" \/><\/a><\/p>\nAdopci\u00f3n\n<h2>\n\t\tA Woman&#8217;s Right to Know &#8211; Resource Directory\n\t<\/h2>\n\t<p>In <em>A Woman&#8217;s Right to Know Resource Directory<\/em> encontrar\u00e1 una lista de agencias y organizaciones de Texas relacionadas con el embarazo y el parto que pueden ayudarle con servicios financieros y de atenci\u00f3n sanitaria. Estos recursos pueden ayudarte durante el embarazo y el parto y ayudar a tu beb\u00e9 reci\u00e9n nacido y a tus hijos mientras crecen.<\/p>\n<p>The Gabriel Project of East Texas does not endorse nor recommend any specific agency. This directory of organizations is provided by the Texas Health and Human Services Commission (HHSC) to help you find pregnancy- and childbirth-related services near you that may meet your and your family&#8217;s needs.<\/p>\n\t<h4>Cada vida es un regalo.<\/h4>\n<h4>Cada persona est\u00e1 hecha a imagen y semejanza de Dios.<\/h4>\n<h4>Toda mujer merece ser apreciada en su maternidad.<\/h4>\n<h4>Tenemos que apoyarnos unos a otros.<\/h4>\n<p>&#8211; Sisters of Life<\/p>","protected":false},"excerpt":{"rendered":"<p>Home | You Have Options You Have Options! Video courtesy of Aid for Women Did you Know that in Texas, a Woman has a Right to Know? When you are pregnant you have options. In Texas, you have a right to know the truth about your options. If you are a pregnant mother, you can&hellip;<\/p>","protected":false},"author":1,"featured_media":0,"parent":0,"menu_order":0,"comment_status":"closed","ping_status":"closed","template":"","meta":{"_acf_changed":false,"_seopress_robots_primary_cat":"","_seopress_titles_title":"You Have Options - The Gabriel Project of East Texas","_seopress_titles_desc":"When you are pregnant you have options - pregnancy, parenting, adoption. In Texas, you have a right to know the truth about your options.","_seopress_robots_index":"","footnotes":""},"class_list":["post-433","page","type-page","status-publish","hentry"],"acf":[],"_links":{"self":[{"href":"https:\/\/gabrielprojecteasttexas.org\/es\/wp-json\/wp\/v2\/pages\/433","targetHints":{"allow":["GET"]}}],"collection":[{"href":"https:\/\/gabrielprojecteasttexas.org\/es\/wp-json\/wp\/v2\/pages"}],"about":[{"href":"https:\/\/gabrielprojecteasttexas.org\/es\/wp-json\/wp\/v2\/types\/page"}],"author":[{"embeddable":true,"href":"https:\/\/gabrielprojecteasttexas.org\/es\/wp-json\/wp\/v2\/users\/1"}],"replies":[{"embeddable":true,"href":"https:\/\/gabrielprojecteasttexas.org\/es\/wp-json\/wp\/v2\/comments?post=433"}],"version-history":[{"count":90,"href":"https:\/\/gabrielprojecteasttexas.org\/es\/wp-json\/wp\/v2\/pages\/433\/revisions"}],"predecessor-version":[{"id":2601,"href":"https:\/\/gabrielprojecteasttexas.org\/es\/wp-json\/wp\/v2\/pages\/433\/revisions\/2601"}],"wp:attachment":[{"href":"https:\/\/gabrielprojecteasttexas.org\/es\/wp-json\/wp\/v2\/media?parent=433"}],"curies":[{"name":"wp","href":"https:\/\/api.w.org\/{rel}","templated":true}]}}