{"id":352,"date":"2013-01-22T21:38:15","date_gmt":"2013-01-22T21:38:15","guid":{"rendered":"http:\/\/www.euphemos.com\/gabriel\/?page_id=59"},"modified":"2022-07-29T19:44:34","modified_gmt":"2022-07-30T02:44:34","slug":"am-i-pregnant","status":"publish","type":"page","link":"https:\/\/gabrielprojecteasttexas.org\/es\/am-i-pregnant\/","title":{"rendered":"\u00bfEstoy embarazada?"},"content":{"rendered":"<p><a href=\"https:\/\/gabrielprojecteasttexas.org\/es\/\" itemprop=\"url\">Casa<\/a> | \u00bfEstoy embarazada?<\/p>\n<h1>\n\t\t\u00bfEstoy embarazada?\n\t<\/h1>\n<h2>\n\t\tS\u00edntomas del embarazo: \u00bfQu\u00e9 ocurre de inmediato?\n\t<\/h2>\n\t<h4 id=\"summary\">The earliest symptoms of pregnancy can appear in the first few weeks after conception. Here&#8217;s what you may experience, from nausea and tender breasts to dizziness and mood swings.<\/h4>\n<p>Are you pregnant? The proof is in the pregnancy test. However, even before you miss a period, you might suspect &#8211; or hope &#8211; that you are pregnant. For some women, early symptoms of pregnancy begin in the first few weeks after conception.<\/p>\n<h3>\n\t\tS\u00edntomas cl\u00e1sicos del embarazo\n\t<\/h3>\n\t<p><img loading=\"lazy\" decoding=\"async\" src=\"https:\/\/gabrielprojecteasttexas.org\/wp-content\/uploads\/2022\/05\/PregnantMotherandChild-200x300.jpg\" alt=\"Child Kissing Baby in Mother's Tummy\" width=\"267\" height=\"400\">Adem\u00e1s de la ausencia de la menstruaci\u00f3n, los primeros s\u00edntomas del embarazo pueden ser:<\/p>\n<ul>\n<li><strong>N\u00e1useas con o sin v\u00f3mitos.<\/strong>&nbsp;Morning sickness, which can strike at any time of the day or night, sometimes begins as early as three weeks after conception. Nausea seems to stem at least in part from rapidly rising levels of estrogen and progesterone, which cause the stomach to empty more slowly. Pregnant women also have a heightened sense of smell, so various odors &#8211; such as foods cooking, perfume or cigarette smoke &#8211; might cause waves of nausea in early pregnancy.<\/li>\n<li><strong>Pechos sensibles e hinchados.<\/strong>&nbsp;Los pechos pueden ser uno de los primeros s\u00edntomas del embarazo. Ya dos o tres semanas despu\u00e9s de la concepci\u00f3n, los cambios hormonales pueden hacer que tus pechos est\u00e9n sensibles, con hormigueo o doloridos. O puede que sientas los pechos m\u00e1s llenos y pesados.<\/li>\n<li><strong>Aumento de la micci\u00f3n.<\/strong>&nbsp;Puede que te encuentres orinando m\u00e1s a menudo de lo habitual, especialmente por la noche.<\/li>\n<li><strong>Fatiga.<\/strong>&nbsp;Fatigue also ranks high among early symptoms of pregnancy. During early pregnancy, levels of the hormone progesterone soar &#8211; which can put you to sleep. At the same time, lower blood sugar levels, lower blood pressure and increased blood production might team up to sap your energy.<\/li>\n<li><strong>Aversiones o antojos de comida.<\/strong>&nbsp;When you&#8217;re pregnant, you might find yourself turning up your nose at certain foods, such as coffee or fried foods. Food cravings are common, too. Like most other symptoms of pregnancy, these food preferences can be chalked up to hormonal changes &#8211; especially in the first trimester, when hormonal changes are the most dramatic.<\/li>\n<\/ul>\n<h3>\n\t\tOtros s\u00edntomas del embarazo\n\t<\/h3>\n\t<p>Sometimes symptoms of pregnancy are less familiar or obvious. If you&#8217;re pregnant, you might experience:<\/p>\n<ul>\n<li><strong>Sangrado leve o calambres.<\/strong>&nbsp;Sometimes a small amount of spotting or vaginal bleeding is one of the first symptoms of pregnancy. Known as implantation bleeding, it happens when the fertilized egg attaches to the lining of the uterus &#8211; about 10 to 14 days after fertilization. This type of bleeding is usually a bit earlier, spottier and lighter in color than a normal period and doesn&#8217;t last as long. Some women also experience abdominal cramping &#8211; similar to menstrual cramping &#8211; early in pregnancy.<\/li>\n<li><strong>Cambios de humor.<\/strong>&nbsp;La avalancha de hormonas en tu cuerpo al principio del embarazo puede hacerte sentir inusualmente emocional y llorosa. Los cambios de humor tambi\u00e9n son habituales, sobre todo en el primer trimestre.<\/li>\n<li><strong>Mareos.<\/strong>&nbsp;A medida que los vasos sangu\u00edneos se dilatan y la tensi\u00f3n arterial desciende, puedes sentirte mareada o aturdida. Al principio del embarazo, los desmayos tambi\u00e9n pueden ser provocados por un nivel bajo de az\u00facar en sangre.<\/li>\n<li><strong>Estre\u00f1imiento.<\/strong>&nbsp;El aumento de la progesterona hace que los alimentos pasen m\u00e1s lentamente por los intestinos, lo que puede provocar estre\u00f1imiento al principio del embarazo. El estre\u00f1imiento puede verse agravado por las vitaminas prenatales que contienen hierro.<\/li>\n<\/ul>\n<p>In addition, your basal body temperature &#8211; your oral temperature when you first wake up in the morning &#8211; might provide an early clue about pregnancy. Basal body temperature increases slightly soon after ovulation and remains at that level until your next period. If you&#8217;ve been charting your basal body temperature to determine when you ovulate, its continued elevation for more than two weeks could mean that you&#8217;re pregnant.<\/p>\n<h3>\n\t\t\u00bfEst\u00e1 realmente embarazada?\n\t<\/h3>\n\t<p><img loading=\"lazy\" decoding=\"async\" src=\"https:\/\/gabrielprojecteasttexas.org\/wp-content\/uploads\/2022\/05\/WomanHoldingPregnancyTest.jpg\" alt=\"Young Woman Holding a Pregnancy Test\" width=\"375\" height=\"250\">Unfortunately, these signs and symptoms aren&#8217;t unique to pregnancy. Some can indicate that you&#8217;re getting sick or that your period is about to start. Likewise, you can be pregnant without experiencing any of these signs and symptoms.<\/p>\n<p>Still, if you miss a period or notice any of the tip-offs on these lists, you might want to take a home pregnancy test-especially if you&#8217;re not keeping track of your menstrual cycle or if it varies widely from one month to the next. If your home pregnancy test is positive, make an appointment with your health care provider. The sooner your pregnancy is confirmed, the sooner you can begin prenatal care.<\/p>\n<p>Muchos centros de recursos para el embarazo en Texas ofrecen pruebas de embarazo confidenciales y gratuitas.<\/p>\n<p>&nbsp;<\/p>\n\t\t\t<a href=\"https:\/\/gabrielprojecteasttexas.org\/es\/help-near-you\/\" target=\"_self\" role=\"button\" rel=\"noopener\">\n\t\t\t\t\t\t\tEncuentre un centro de recursos para embarazadas\n\t\t\t<\/a>","protected":false},"excerpt":{"rendered":"<p>Home | Am I Pregnant Am I Pregnant? Symptoms of Pregnancy: What Happens Right Away? The earliest symptoms of pregnancy can appear in the first few weeks after conception. Here&#8217;s what you may experience, from nausea and tender breasts to dizziness and mood swings. Are you pregnant? The proof is in the pregnancy test. However,&hellip;<\/p>","protected":false},"author":1,"featured_media":0,"parent":0,"menu_order":0,"comment_status":"closed","ping_status":"closed","template":"","meta":{"_acf_changed":false,"_seopress_robots_primary_cat":"","_seopress_titles_title":"Am I Pregnant? - The Gabriel Project of East Texas","_seopress_titles_desc":"The earliest symptoms of pregnancy can appear in the first few weeks after conception. Here&#039;s what you may experience, from nausea to mood swings.","_seopress_robots_index":"","footnotes":""},"class_list":["post-352","page","type-page","status-publish","hentry"],"acf":[],"_links":{"self":[{"href":"https:\/\/gabrielprojecteasttexas.org\/es\/wp-json\/wp\/v2\/pages\/352","targetHints":{"allow":["GET"]}}],"collection":[{"href":"https:\/\/gabrielprojecteasttexas.org\/es\/wp-json\/wp\/v2\/pages"}],"about":[{"href":"https:\/\/gabrielprojecteasttexas.org\/es\/wp-json\/wp\/v2\/types\/page"}],"author":[{"embeddable":true,"href":"https:\/\/gabrielprojecteasttexas.org\/es\/wp-json\/wp\/v2\/users\/1"}],"replies":[{"embeddable":true,"href":"https:\/\/gabrielprojecteasttexas.org\/es\/wp-json\/wp\/v2\/comments?post=352"}],"version-history":[{"count":54,"href":"https:\/\/gabrielprojecteasttexas.org\/es\/wp-json\/wp\/v2\/pages\/352\/revisions"}],"predecessor-version":[{"id":2481,"href":"https:\/\/gabrielprojecteasttexas.org\/es\/wp-json\/wp\/v2\/pages\/352\/revisions\/2481"}],"wp:attachment":[{"href":"https:\/\/gabrielprojecteasttexas.org\/es\/wp-json\/wp\/v2\/media?parent=352"}],"curies":[{"name":"wp","href":"https:\/\/api.w.org\/{rel}","templated":true}]}}