{"id":348,"date":"2012-12-12T23:48:15","date_gmt":"2012-12-13T06:48:15","guid":{"rendered":"http:\/\/www.euphemos.com\/gabriel\/?page_id=17"},"modified":"2024-02-24T20:48:24","modified_gmt":"2024-02-25T03:48:24","slug":"healing-after-abortion","status":"publish","type":"page","link":"https:\/\/gabrielprojecteasttexas.org\/es\/healing-after-abortion\/","title":{"rendered":"La curaci\u00f3n despu\u00e9s del aborto"},"content":{"rendered":"<p><a href=\"https:\/\/gabrielprojecteasttexas.org\/es\/\">Casa<\/a> | <a href=\"https:\/\/gabrielprojecteasttexas.org\/es\/about-the-gabriel-project\/\">Sobre nosotros<\/a> | Healing after Abortion<\/p>\n<h1>\n\t\tLa curaci\u00f3n despu\u00e9s del aborto\n\t<\/h1>\n\t<p>A continuaci\u00f3n hay una lista de organizaciones de sanaci\u00f3n despu\u00e9s del aborto en Texas, junto con algunos pr\u00f3ximos retiros de sanaci\u00f3n despu\u00e9s del aborto.<\/p>\n\t<h4>Tyler:<\/h4>\n<a href=\"https:\/\/www.sanctityoflifetyler.org\/project-rachel.html\" target=\"_blank\" rel=\"noopener\">Project Rachel &#8211; Diocese of Tyler Sanctity of Life<\/a><br \/>\n<strong>Contacto:<\/strong> Mary<br \/>\n<b>Llame o env\u00ede un mensaje: <\/b><a href=\"tel:903-539-2941\">903-539-2941<\/a><br \/>\n<b>Correo electr\u00f3nico: <\/b><a href=\"mailto:mary.projectrachel@protonmail.com\">fonda.projectrachel@protonmail.com<\/a><br \/>\n<strong>Website:<\/strong> <a href=\"https:\/\/hopeafterabortion.com\" target=\"_blank\" rel=\"noopener\">La esperanza despu\u00e9s del aborto (hopeafterabortion.com)<\/a>\n\t<h4>Austin:<\/h4>\nProject Rachel &#8211; Diocese of Austin<br \/>\n<b>Tel\u00e9fono: <\/b><a href=\"tel:1-877-932-2732\">1-877-WECARE2<\/a><br \/>\n<b>Correo electr\u00f3nico: <\/b><a href=\"mailto:project-rachel@austindiocese.org\">project-rachel@austindiocese.org<\/a>\u00a0<br \/>\n<b><\/b>\nHealed in Mercy<br \/>\n<strong>Tel\u00e9fono:<\/strong> 512-640-9755<br \/>\n<strong>Correo electr\u00f3nico:<\/strong> <a href=\"mailto:info@healedinmercy.org\">info@healedinmercy.org<\/a>\n<h4>Dallas:<\/h4>\n<a href=\"http:\/\/www.racheldallas.org\" target=\"_blank\" rel=\"noopener\">La curaci\u00f3n despu\u00e9s del aborto (racheldallas.org)<br \/>\n<\/a><b>Tel\u00e9fono: <\/b><a href=\"tel:214-544-2273\">214-544-2273<\/a><br \/>\n<b>Correo electr\u00f3nico: <\/b><a href=\"mailto:healing@racheldallas.org\">healing@racheldallas.org<\/a><br \/>\n<strong>Tel\u00e9fono:<\/strong> 972-900-7262 (SANA)<br \/>\n<b>Correo electr\u00f3nico: <\/b><a href=\"mailto:sanacion@racheldallas.org\">sanacion@racheldallas.org <\/a>(espa\u00f1ol)\n<em>Pr\u00f3ximos retiros:<\/em><br \/>\nAugust 2022<br \/>\nIdioma: Espa\u00f1ol<br \/>\nDenominaci\u00f3n: Cat\u00f3lica<br \/>\nDate: May 31-June 2, 2024,October 18-20,2024\n<a href=\"http:\/\/www.projectjosephdallas.org\" target=\"_blank\" rel=\"noopener\">Proyecto Joseph (para hombres) (projectjosephdallas.org)<\/a><br \/>\n<b>Tel\u00e9fono: <\/b><a href=\"tel:469-720-2273\">469-720-CARE (2273)<\/a><br \/>\n<b>Correo electr\u00f3nico: <\/b><a href=\"mailto:healing@projectjosephdallas.org\">healing@projectjose<\/a>phdallas.org<br \/>\n<strong>Tel\u00e9fono:<\/strong> <a href=\"tel:469-605-7262\">469-605-7262<\/a> (SANA)<br \/>\n<b>Correo electr\u00f3nico: <\/b><a href=\"mailto:sanacion@racheldallas.org\">sanacion@racheldallas.org<\/a> (espa\u00f1ol)\n<em>Pr\u00f3ximos retiros:<\/em><br \/>\nAugust 2022<br \/>\nIdioma: Espa\u00f1ol<br \/>\nDenominaci\u00f3n: Cat\u00f3lica<br \/>\nDate: May 31-June 2, 2024,October 18-20,2024\n<h4>El Paso:<\/h4>\nRachel&#8217;s Vineyard<br \/>\n<b>Contacto: <\/b>Diana<br \/>\n<b>Tel\u00e9fono: <\/b><a href=\"tel:915-229-6594\">915-229-6594<\/a>\u00a0<br \/>\n<strong>Correo electr\u00f3nico:<\/strong> <a href=\"mailto:rachelsvineyardelpaso@gmail.com\">rachelsvineyardelpaso@gmail.com<\/a><br \/>\n<strong>Contacto:<\/strong> Silvia (espa\u00f1ol)<br \/>\n<strong>Tel\u00e9fono:<\/strong> 915-383-4602<br \/>\n<strong>Correo electr\u00f3nico:<\/strong> <a href=\"mailto:elvinedoderaquel915@gmail.com\">elvinedoderaquel915@gmail.com<\/a>\n\t<h4>Fort Worth:<\/h4>\n<a href=\"http:\/\/racheltx.org\" target=\"_blank\" rel=\"noopener\">Ministerios Rachel \/ Proyecto Rachel (racheltx.org)<br \/>\n<\/a><b>Contacto: <\/b>Betsy<br \/>\n<b>Tel\u00e9fono: <\/b><a href=\"tel:817-923-4757\">817-923-4757<\/a><br \/>\n<b>Correo electr\u00f3nico: <\/b><a href=\"mailto:forgiven@racheltx.org\">forgiven@racheltx.org<\/a><br \/>\n\n<b>Contacto hispano: <\/b>Macaria<br \/>\n<b>Tel\u00e9fono hispano: <\/b><a href=\"tel:817-886-4760\">817-886-4760<\/a><br \/>\n<b>Correo electr\u00f3nico hispano: <\/b><a href=\"mailto:misericordia@racheltx.org\">misericordia@racheltx.org<\/a>\u00a0<br \/>\n<b><\/b>\n<h4>Galveston-Houston:<\/h4>\n<a href=\"https:\/\/www.archgh.org\/projectrachel\" target=\"_blank\" rel=\"noopener\">Project Rachel &#8211; Houston (<\/a><a href=\"https:\/\/www.archgh.org\/projectrachel\">archgh.org\/projectrachel<\/a>)<br \/>\n<b>Contacto: <\/b>Julie<br \/>\n<b>Correo electr\u00f3nico: <\/b><a href=\"mailto:jkfritsch@archgh.org\">jkfritsch@archgh.org<\/a>\n<h4>Killeen:<\/h4>\n<a href=\"https:\/\/www.hopepc.com\/\" target=\"_blank\" rel=\"noopener\">Hope Pregnancy Centers, Inc (hopepc.com)<\/a><br \/>\n<strong>Contacto:<\/strong> Lovette Vassar <a href=\"tel:254-702-6723\">254-702-6723<\/a> <br \/>\n<strong>Correo electr\u00f3nico:<\/strong> <a href=\"mailto:abortionrecovery@hopepc.com\" target=\"_blank\" rel=\"noopener\">abortionrecovery@hopepc.com<\/a><br \/>\n<strong>Contacto:<\/strong> Susie Wilde<br \/>\n<strong>Tel\u00e9fono:<\/strong> <a href=\"tel:254-718-2823\">254-718-2823<\/a><br \/>\n<strong>Correo electr\u00f3nico: <\/strong><a href=\"mailto:swilde58@gmail.com\">swilde58@gmail.com<\/a>\n<h4>Midland:<\/h4>\nRachel&#8217;s Vineyard<br \/>\n<strong>Contacto:<\/strong> Priscilla Fuentez <a href=\"tel:432-897-4788\">432-897-4788<\/a> <a href=\"mailto:rachelsvineyardsanangelo@gmail.com\">rachelsvineyardsanangelo@gmail.com<\/a>\n<h4>San Antonio:<\/h4>\nProyecto Rachel<br \/>\n<b>Contacto: <\/b>Stephanie<br \/>\n<b>Tel\u00e9fono: <\/b><a href=\"tel:210-342-4673\">210-342-4673<\/a><br \/>\n<b>Correo electr\u00f3nico: <\/b><a href=\"mailto:rachel@anewchoice.org\">rachel@anewchoice.org<\/a>\u00a0","protected":false},"excerpt":{"rendered":"<p>Home | About Us | Healing after Abortion Healing after Abortion Below are a list of healing-after-abortion organizations in Texas, along with some upcoming healing-after-abortion retreats. Tyler: Project Rachel &#8211; Diocese of Tyler Sanctity of Life Contact: Mary Call or Text: 903-539-2941 Email: fonda.projectrachel@protonmail.com Website: Hope after Abortion (hopeafterabortion.com) Austin: Project Rachel &#8211; Diocese of&hellip;<\/p>","protected":false},"author":1,"featured_media":0,"parent":0,"menu_order":0,"comment_status":"closed","ping_status":"closed","template":"","meta":{"_acf_changed":false,"_seopress_robots_primary_cat":"","_seopress_titles_title":"Healing after Abortion - The Gabriel Project of East Texas","_seopress_titles_desc":"This page contains a list of healing-after-abortion organizations in Texas, along with some upcoming healing-after-abortion retreats.","_seopress_robots_index":"","footnotes":""},"class_list":["post-348","page","type-page","status-publish","hentry"],"acf":[],"_links":{"self":[{"href":"https:\/\/gabrielprojecteasttexas.org\/es\/wp-json\/wp\/v2\/pages\/348","targetHints":{"allow":["GET"]}}],"collection":[{"href":"https:\/\/gabrielprojecteasttexas.org\/es\/wp-json\/wp\/v2\/pages"}],"about":[{"href":"https:\/\/gabrielprojecteasttexas.org\/es\/wp-json\/wp\/v2\/types\/page"}],"author":[{"embeddable":true,"href":"https:\/\/gabrielprojecteasttexas.org\/es\/wp-json\/wp\/v2\/users\/1"}],"replies":[{"embeddable":true,"href":"https:\/\/gabrielprojecteasttexas.org\/es\/wp-json\/wp\/v2\/comments?post=348"}],"version-history":[{"count":40,"href":"https:\/\/gabrielprojecteasttexas.org\/es\/wp-json\/wp\/v2\/pages\/348\/revisions"}],"predecessor-version":[{"id":2685,"href":"https:\/\/gabrielprojecteasttexas.org\/es\/wp-json\/wp\/v2\/pages\/348\/revisions\/2685"}],"wp:attachment":[{"href":"https:\/\/gabrielprojecteasttexas.org\/es\/wp-json\/wp\/v2\/media?parent=348"}],"curies":[{"name":"wp","href":"https:\/\/api.w.org\/{rel}","templated":true}]}}