{"id":3,"date":"2022-04-29T07:51:26","date_gmt":"2022-04-29T07:51:26","guid":{"rendered":"https:\/\/gabrielprojecteasttexas.org\/?page_id=3"},"modified":"2022-07-27T01:19:28","modified_gmt":"2022-07-27T08:19:28","slug":"privacy-policy","status":"publish","type":"page","link":"https:\/\/gabrielprojecteasttexas.org\/es\/privacy-policy\/","title":{"rendered":"Pol\u00edtica de privacidad"},"content":{"rendered":"<h2>\n\t\tPol\u00edtica de privacidad\n\t<\/h2>\n\t<h3>Qui\u00e9nes somos<\/h3>\n<p>La direcci\u00f3n de nuestro sitio web es: <a href=\"https:\/\/gabrielprojecteasttexas.com\">https:\/\/gabrielprojecteasttexas.com<\/a>.<\/p>\n<h3>Formulario de contacto<\/h3>\n<p>When visitors use the contact form on the site, we collect the data shown in the form. We also collect the browser&#8217;s user agent string to help spam detection.<\/p>\n<h3>Medios de comunicaci\u00f3n<\/h3>\n<p>Si subes im\u00e1genes al sitio web, debes evitar subirlas con datos de localizaci\u00f3n incrustados (EXIF GPS). Los visitantes del sitio web pueden descargar y extraer cualquier dato de localizaci\u00f3n de las im\u00e1genes del sitio web.<\/p>\n<h3>Cookies<\/h3>\n<p>Rather than the tasty delicious ones you&#8217;re commonly familiar with, cookies in a website context are small temporary files that enable a website to remember a user and personalize your experience on the site to you. They are placed in your browser (Chrome, Firefox, Safari, etc.) and stored there for a period of time after your visit. Cookies can contain information like your IP address and device you&#8217;re connecting from (mobile, tablet, etc.) If you use the contact form on our site, you may opt-in to saving your name and email address in cookies. These are for your convenience so that you do not have to fill in your details again when you contact us again. These cookies will last for one year unless you manually clear them.<\/p>\n<p>Si visita nuestra p\u00e1gina de inicio de sesi\u00f3n, estableceremos una cookie temporal para determinar si su navegador acepta cookies. Esta cookie no contiene datos personales y se descarta cuando usted cierra su navegador.<\/p>\n<p>When you log in, we will also set up several cookies to save your login information and your screen display choices. Login cookies last for two days, and screen options cookies last for a year. If you select &#8220;Remember Me&#8221;, your login will persist for two weeks. If you log out of your account, the login cookies will be removed.<\/p>\n<p>Si edita o publica un art\u00edculo, se guardar\u00e1 una cookie adicional en su navegador. Esta cookie no incluye datos personales y simplemente indica el ID del art\u00edculo que acaba de editar. Caduca al cabo de 1 d\u00eda.<\/p>\n<h3>Contenido incrustado de otros sitios web<\/h3>\n<p>Los art\u00edculos de este sitio pueden incluir contenido incrustado (por ejemplo, v\u00eddeos, im\u00e1genes, art\u00edculos, etc.). El contenido incrustado de otros sitios web se comporta exactamente igual que si el visitante hubiera visitado el otro sitio web.<\/p>\n<p>Estos sitios web pueden recopilar datos sobre usted, utilizar cookies, incrustar un seguimiento adicional de terceros y controlar su interacci\u00f3n con ese contenido incrustado, incluido el seguimiento de su interacci\u00f3n con el contenido incrustado si tiene una cuenta y ha iniciado sesi\u00f3n en ese sitio web.<\/p>\n<h3>Con qui\u00e9n compartimos sus datos<\/h3>\n<p>Si solicita un restablecimiento de la contrase\u00f1a, su direcci\u00f3n IP se incluir\u00e1 en el correo electr\u00f3nico de restablecimiento.<\/p>\n<h3>Cu\u00e1nto tiempo conservamos sus datos<\/h3>\n<p>Si utiliza el formulario de contacto, su correo electr\u00f3nico se borra mensualmente. Se almacena temporalmente en nuestro sitio para que podamos verificar que se ha recibido.<\/p>\n<p>En el caso de los usuarios que se registran en nuestro sitio web (si los hay), tambi\u00e9n almacenamos la informaci\u00f3n personal que proporcionan en su perfil de usuario. Todos los usuarios pueden ver, editar o eliminar su informaci\u00f3n personal en cualquier momento (excepto que no pueden cambiar su nombre de usuario). Los administradores del sitio web tambi\u00e9n pueden ver y editar esa informaci\u00f3n.<\/p>\n<h3>Qu\u00e9 derechos tiene usted sobre sus datos<\/h3>\n<p>Si tiene una cuenta en este sitio, o ha utilizado nuestro formulario de contacto, puede solicitar que le enviemos un archivo exportado de los datos personales que tenemos sobre usted, incluidos los que nos haya proporcionado. Tambi\u00e9n puede solicitar que borremos cualquier dato personal que tengamos sobre usted. Esto no incluye los datos que estamos obligados a conservar por motivos administrativos, legales o de seguridad.<\/p>\n<h3>D\u00f3nde enviamos sus datos<\/h3>\n<p>Las entradas de los visitantes pueden ser comprobadas a trav\u00e9s de un servicio automatizado de detecci\u00f3n de spam. No compartimos sus datos con terceros.<\/p>","protected":false},"excerpt":{"rendered":"<p>Privacy Policy Who we are Our website address is: https:\/\/gabrielprojecteasttexas.com. Contact Form When visitors use the contact form on the site, we collect the data shown in the form. We also collect the browser&#8217;s user agent string to help spam detection. Media If you upload images to the website, you should avoid uploading images with&hellip;<\/p>","protected":false},"author":1,"featured_media":0,"parent":0,"menu_order":0,"comment_status":"closed","ping_status":"open","template":"","meta":{"_acf_changed":false,"_seopress_robots_primary_cat":"","_seopress_titles_title":"Privacy Policy - The Gabriel Project of East Texas","_seopress_titles_desc":"Everything you need to know about the Gabriel Project of East Texas\u2019 privacy policy can be found on our privacy policy page. ","_seopress_robots_index":"","footnotes":""},"class_list":["post-3","page","type-page","status-publish","hentry"],"acf":[],"_links":{"self":[{"href":"https:\/\/gabrielprojecteasttexas.org\/es\/wp-json\/wp\/v2\/pages\/3","targetHints":{"allow":["GET"]}}],"collection":[{"href":"https:\/\/gabrielprojecteasttexas.org\/es\/wp-json\/wp\/v2\/pages"}],"about":[{"href":"https:\/\/gabrielprojecteasttexas.org\/es\/wp-json\/wp\/v2\/types\/page"}],"author":[{"embeddable":true,"href":"https:\/\/gabrielprojecteasttexas.org\/es\/wp-json\/wp\/v2\/users\/1"}],"replies":[{"embeddable":true,"href":"https:\/\/gabrielprojecteasttexas.org\/es\/wp-json\/wp\/v2\/comments?post=3"}],"version-history":[{"count":7,"href":"https:\/\/gabrielprojecteasttexas.org\/es\/wp-json\/wp\/v2\/pages\/3\/revisions"}],"predecessor-version":[{"id":1942,"href":"https:\/\/gabrielprojecteasttexas.org\/es\/wp-json\/wp\/v2\/pages\/3\/revisions\/1942"}],"wp:attachment":[{"href":"https:\/\/gabrielprojecteasttexas.org\/es\/wp-json\/wp\/v2\/media?parent=3"}],"curies":[{"name":"wp","href":"https:\/\/api.w.org\/{rel}","templated":true}]}}