{"id":2474,"date":"2022-06-16T22:14:07","date_gmt":"2022-06-17T05:14:07","guid":{"rendered":"https:\/\/gabrielprojecteasttexas.org\/?page_id=2474"},"modified":"2023-03-23T16:34:30","modified_gmt":"2023-03-23T23:34:30","slug":"father-to-father","status":"publish","type":"page","link":"https:\/\/gabrielprojecteasttexas.org\/es\/father-to-father\/","title":{"rendered":"De Padre a Padre"},"content":{"rendered":"<p><a href=\"https:\/\/gabrielprojecteasttexas.org\/es\/\">Casa<\/a> | Father to Father<\/p>\n<h1>\n\t\tDe Padre a Padre\n\t<\/h1>\n<h2>\n\t\tYou&#8217;re Going to Be A Father\n\t<\/h2>\n\t<p><img loading=\"lazy\" decoding=\"async\" src=\"https:\/\/gabrielprojecteasttexas.org\/wp-content\/uploads\/2022\/06\/Patchy-683x1024.jpg\" alt=\"Patchy\" width=\"300\" height=\"450\" \/>So, you are going to be a father! Congratulations! Oh, I know, you may be feeling a whole range of emotions, from happiness to sheer terror. I remember when my wife told me we were expecting our first child. I did not feel ready at that moment, but, thankfully, we had nine months to prepare. I was working offshore at that time, as a ship&#8217;s navigation officer, but I decided to quit my sea-going career and find work on shore. I did not want to be out at sea when our child first smiled, or spoke, or walked. It wasn&#8217;t an easy transition, but by God&#8217;s grace, and with the help of a good friend, I found a decent job with a shipping agency. I am so glad that I took that step, so that I could more fully support my wife during her pregnancy, prepare our home for our new arrival, and experience the wonder and joy of our newborn baby.<\/p>\n<p>Espero que t\u00fa tambi\u00e9n te est\u00e9s preparando para la llegada de tu beb\u00e9, con la madre de tu hijo. Dios os est\u00e1 dando a ambos unos regalos muy especiales. Ella recibe el don de la maternidad, y t\u00fa el de la paternidad. Me doy cuenta de que tu propia experiencia de crecimiento con tu padre y tu madre puede no ser todo buenos momentos. Si tu propia infancia fue una \u00e9poca dura, entonces es muy natural que dudes de tu propia capacidad para ser un buen padre, un buen marido.<\/p>\n<p>Tengo tres puntos para que los consideres: una promesa, un patr\u00f3n y una oraci\u00f3n.<\/p>\n<h3>La promesa<\/h3>\n<p>The promise is this: God will never leave you or abandon you (see Hebrews 13:5). He will always be with you, always available to you. When things seem too tough to handle, if you face problems that have no easy solutions, know that God is with you, He cares for you, and His mercy is &#8220;new every morning,&#8221; as we read in the Bible (Lamentations 3:22-23). Take each day as it comes, do your best, and trust God for the rest.<\/p>\n<h3>El Patr\u00f3n<\/h3>\n<p>The patron is St. Joseph, the man chosen by God to be the husband of the Blessed Virgin Mary and the guardian of His Only Son, Jesus. You may know the story, how Joseph and Mary got off to a rough start as a couple. She was pledged to him to be his wife, but then turned up pregnant before the wedding, and not by him. Joseph wasn&#8217;t sure what to do, whether to divorce Mary, or pretend the child was his. But God spoke to him in a dream and shared with him the amazing grace that was bringing this new life into the world (see Matthew 1:18-25). And Joseph believed God, so he took Mary into his home and cared for her and the child for the rest of his life. Joseph learned a lot from God, and from Mary and Jesus. Joseph can teach us about courage, and patience, and solving problems.<\/p>\n<h3>La Oraci\u00f3n<\/h3>\n<p>The prayer comes from another saint, St. Faustina. She is the Polish nun who received the vision of the Divine Mercy and promoted devotion to Jesus by that name. One of the most popular prayers she shared, revealed to her by Jesus, is the Chaplet of the Divine Mercy. But I would like to recommend to you a much shorter, simpler prayer that she prayed: &#8220;Jesus, I trust in you.&#8221; I have found great comfort and consolation in this prayer, especially when I am facing a challenging situation, and I am not sure how things will turn out. I like to pray it three times in a row: &#8220;Jesus, I trust in you; Jesus, I trust in you; Jesus, I trust in you.&#8221;<\/p>\n<p>Hablando de oraciones, rezo mientras escribo esta breve nota, para que, mientras la lees, dondequiera que est\u00e9s, sea lo que sea que est\u00e9s afrontando, te animes a dar la bienvenida al regalo de la vida que Dios te est\u00e1 dando a ti y a tu esposa. Que el Se\u00f1or te bendiga con su gracia, te gu\u00ede con su sabidur\u00eda, te proteja con su paz y te fortalezca con su alegr\u00eda. Y que siempre recuerden, en cada situaci\u00f3n y circunstancia, que son muy amados.<\/p>\n<p>Todo lo mejor para ti y tu familia,<\/p>\n<p>Di\u00e1cono Jon Fadely<\/p>\n<h2>\n\t\tRedeeming Fatherhood When It&#8217;s Broken &#8211; Jim Daly&#8217;s Story\n\t<\/h2>\n\t<meta itemprop=\"name\" content=\"Redeeming Fatherhood When It&#039;s Broken - Jim Daly&#039;s Story\" \/><meta itemprop=\"uploadDate\" content=\"2022-06-16\" \/><meta itemprop=\"thumbnailUrl\" content=\"https:\/\/gabrielprojecteasttexas.org\/wp-content\/uploads\/2022\/06\/JimDaly.png\" \/><meta itemprop=\"description\" content=\"The story of Jim Daly's childhood is in many ways heartbreaking. The father figures in Jim Daly's life all struck out. His biological father was an alcoholic and left when Jim was 5. His step-father was a militaristic disciplinarian who abandoned the family when Jim's mother died. His foster father wasn't any better, and accused Jim of trying to murder him at age 9.   Yet in this brokenness, Jim found redemption. By God's grace, Jim found life, hope, and peace through Jesus Christ. He found a new Heavenly Father. And his desire is to see other men who had broken relationships with their fathers to find this same redemption.\" \/><meta itemprop=\"contentUrl\" content=\"https:\/\/www.youtube.com\/watch?app=desktop&amp;v=XlaPg9dazfs\" \/><meta itemprop=\"embedUrl\" content=\"https:\/\/youtu.be\/XlaPg9dazfs\" \/><iframe loading=\"lazy\" title=\"Redeeming Fatherhood When It&#039;s Broken - Jim Daly&#039;s Story\" width=\"500\" height=\"281\" src=\"https:\/\/www.youtube.com\/embed\/XlaPg9dazfs?feature=oembed\" frameborder=\"0\" allow=\"accelerometer; autoplay; clipboard-write; encrypted-media; gyroscope; picture-in-picture\" allowfullscreen><\/iframe>\n<h3>\n\t\tEnlaces \u00fatiles para futuros padres\n\t<\/h3>\n\t<p><a href=\"https:\/\/www.kofc.org\/en\/resources\/communications\/the-science-of-fatherhood.pdf\" target=\"_blank\" rel=\"noopener\">La ciencia de la paternidad<\/a><\/p>\n<p><a href=\"https:\/\/ruthinstitute.org\/resource-center\/fatherhood\/\" target=\"_blank\" rel=\"noopener\">Centro de Recursos para la Paternidad<\/a><\/p>\n<p><a href=\"https:\/\/texasrighttolife.com\/the-power-of-dad-jokes-study-shows-they-can-help-kids-development\/\" target=\"_blank\" rel=\"noopener\">The Power of Dad Jokes: Study Shows Corny Puns Help Kids&#8217; Development<\/a><\/p>\n\t\t\t<a href=\"https:\/\/gabrielprojecteasttexas.org\/es\/contact-us\/\" target=\"_self\" role=\"button\" rel=\"noopener\">\n\t\t\t\t\t\t\tContacto\n\t\t\t<\/a>","protected":false},"excerpt":{"rendered":"<p>Home | Father to Father Father to Father You&#8217;re Going to Be A Father So, you are going to be a father! Congratulations! Oh, I know, you may be feeling a whole range of emotions, from happiness to sheer terror. I remember when my wife told me we were expecting our first child. I did&hellip;<\/p>","protected":false},"author":1,"featured_media":2476,"parent":0,"menu_order":0,"comment_status":"closed","ping_status":"closed","template":"","meta":{"_acf_changed":false,"_seopress_robots_primary_cat":"","_seopress_titles_title":"Father to Father - The Gabriel Project of East Texas","_seopress_titles_desc":"The Gabriel Project of East Texas offers immediate and practical help to woman faced with a crisis pregnancy, responding with love and compassion.","_seopress_robots_index":"","footnotes":""},"class_list":["post-2474","page","type-page","status-publish","has-post-thumbnail","hentry"],"acf":[],"_links":{"self":[{"href":"https:\/\/gabrielprojecteasttexas.org\/es\/wp-json\/wp\/v2\/pages\/2474","targetHints":{"allow":["GET"]}}],"collection":[{"href":"https:\/\/gabrielprojecteasttexas.org\/es\/wp-json\/wp\/v2\/pages"}],"about":[{"href":"https:\/\/gabrielprojecteasttexas.org\/es\/wp-json\/wp\/v2\/types\/page"}],"author":[{"embeddable":true,"href":"https:\/\/gabrielprojecteasttexas.org\/es\/wp-json\/wp\/v2\/users\/1"}],"replies":[{"embeddable":true,"href":"https:\/\/gabrielprojecteasttexas.org\/es\/wp-json\/wp\/v2\/comments?post=2474"}],"version-history":[{"count":20,"href":"https:\/\/gabrielprojecteasttexas.org\/es\/wp-json\/wp\/v2\/pages\/2474\/revisions"}],"predecessor-version":[{"id":2607,"href":"https:\/\/gabrielprojecteasttexas.org\/es\/wp-json\/wp\/v2\/pages\/2474\/revisions\/2607"}],"wp:featuredmedia":[{"embeddable":true,"href":"https:\/\/gabrielprojecteasttexas.org\/es\/wp-json\/wp\/v2\/media\/2476"}],"wp:attachment":[{"href":"https:\/\/gabrielprojecteasttexas.org\/es\/wp-json\/wp\/v2\/media?parent=2474"}],"curies":[{"name":"wp","href":"https:\/\/api.w.org\/{rel}","templated":true}]}}