{"id":2433,"date":"2022-06-07T08:46:11","date_gmt":"2022-06-07T15:46:11","guid":{"rendered":"https:\/\/gabrielprojecteasttexas.org\/?page_id=2433"},"modified":"2024-03-06T06:52:23","modified_gmt":"2024-03-06T13:52:23","slug":"abortion-pill-reversal","status":"publish","type":"page","link":"https:\/\/gabrielprojecteasttexas.org\/es\/abortion-pill-reversal\/","title":{"rendered":"Reversi\u00f3n de la p\u00edldora abortiva"},"content":{"rendered":"<h2>\n\t\tAy\u00fadame a salvar a mi beb\u00e9\n\t<\/h2>\n\t<p><a href=\"https:\/\/gabrielprojecteasttexas.org\/es\/\">Casa<\/a> | <a href=\"https:\/\/gabrielprojecteasttexas.org\/es\/about-the-gabriel-project\/\">Sobre nosotros<\/a> | Reversi\u00f3n de la p\u00edldora abortiva<\/p>\n<h1>\n\t\tReversi\u00f3n de la p\u00edldora abortiva\n\t<\/h1>\n\t\t\t\t<img loading=\"lazy\" decoding=\"async\" src=\"https:\/\/gabrielprojecteasttexas.org\/wp-content\/uploads\/2022\/06\/NewbornBaby.jpg\" alt=\"Newborn Baby\" itemprop=\"image\" height=\"1600\" width=\"2400\" title=\"Newborn Baby\" onerror=\"this.style.display='none'\"  \/>\n\t<p>\u00bfTienes dudas sobre el aborto qu\u00edmico? \u00bfHas tomado la primera p\u00edldora abortiva y quieres salvar a tu beb\u00e9?<\/p>\n\t<p>Puede ser posible revertir los efectos de la p\u00edldora abortiva. Si has tomado una p\u00edldora abortiva y buscas ayuda inmediata o quieres intentar revertir los efectos de la p\u00edldora abortiva, visita\u00a0<strong><a href=\"https:\/\/abortionpillreversal.com\/\" target=\"_blank\" rel=\"noopener\">https:\/\/abortionpillreversal.com<\/a> <\/strong>o llame al <a href=\"tel:1-877-558-0333\">1-877-558-0333<\/a>.<\/p>\n<p>Un asesor formado est\u00e1 disponible las 24 horas del d\u00eda, los 7 d\u00edas de la semana, e intentar\u00e1 ponerle en contacto con un profesional m\u00e9dico de su zona que pueda ayudarle.<\/p>\n<p>Las estad\u00edsticas muestran que m\u00e1s de 3000 beb\u00e9s han sido rescatados gracias a la Reversi\u00f3n de la p\u00edldora abortiva. Llame hoy mismo.<\/p>\n\t\t<h3>\u00bfNecesita revertir la p\u00edldora abortiva?<\/h3>\n\t\t<p>Llame hoy a la l\u00ednea de atenci\u00f3n telef\u00f3nica para que le pongan en contacto con un profesional m\u00e9dico.<\/p>\n\t\t\t<a href=\"tel:1-877-558-0333.\" target=\"_self\" rel=\"noopener\">\n\t\t\t\t\t\t1-877-558-0333\n\t\t\t\t\t<\/a>\n\t<meta itemprop=\"name\" content=\"Can the Abortion Pill be Reversed?\" \/><meta itemprop=\"uploadDate\" content=\"2022-06-21T00:00:00+00:00\" \/><meta itemprop=\"thumbnailUrl\" content=\"https:\/\/gabrielprojecteasttexas.org\/wp-content\/uploads\/2022\/07\/ReverseThePill.jpg\" \/><meta itemprop=\"description\" content=\"A staggering 54% of abortions are from the abortion pill. Thankfully, the effects can be reversed, and Dr. Lile shares how.\" \/><meta itemprop=\"contentUrl\" content=\"https:\/\/gabrielprojecteasttexas.org\/abortion-pill-reversal\/\" \/><meta itemprop=\"embedUrl\" content=\"https:\/\/youtu.be\/qsvweSxiNVs\" \/><iframe loading=\"lazy\" title=\"Can the Abortion Pill Be Reversed? | Seize This Pro-Life Moment\u2122\" width=\"500\" height=\"281\" src=\"https:\/\/www.youtube.com\/embed\/qsvweSxiNVs?feature=oembed\" frameborder=\"0\" allow=\"accelerometer; autoplay; clipboard-write; encrypted-media; gyroscope; picture-in-picture\" allowfullscreen><\/iframe>\n\t<p>Como dice el v\u00eddeo, no s\u00f3lo intentamos convencer a alguien de que no tome la p\u00edldora abortiva, sino que cuando una mujer embarazada quiere salvar a su beb\u00e9, haremos todo lo posible por ayudarla.<\/p>\n<p>The first set of pills that is used is called RU486 (the abortion pill), it blocks the signal of progesterone. Progesterone is known as the pregnancy hormone. All the development of the baby-the heartbeat, the arms, the kicking of the baby&#8217;s legs-stops. The second medication forces the growing baby out of her mother&#8217;s womb.<\/p>\n<p>Sin embargo, hay esperanza. Los m\u00e9dicos han descubierto que pueden salvar beb\u00e9s y revertir los efectos de la p\u00edldora abortiva.<\/p>\n<h3>\n\t\tAbortion Drugs Also Harm Mothers\n\t<\/h3>\n\t<p>I was told abortion drugs wouldn&#8217;t hurt me. It was a lie.<\/p>\n\t\t\t<a href=\"https:\/\/pregnancyhelpnews.com\/i-was-told-abortion-drugs-wouldn-t-hurt-me-it-was-a-lie\" target=\"_blank\" rel=\"noopener\">\n\t\t\t\t\t\tM\u00e1s informaci\u00f3n &gt;&gt;\n\t\t\t\t\t<\/a>\n<h3>\n\t\tPrincipales riesgos y complicaciones de los abortos qu\u00edmicos para las mujeres\n\t<\/h3>\n\t<p>Chemical abortion is a two-drug process intended to kill and expel a developing child from the womb in the first trimester of pregnancy. Proponents call it &#8220;medication abortion,&#8221; but that&#8217;s misleading. &#8220;Medication&#8221; indicates something that is intended to manage a patient&#8217;s disease or illness, but chemical abortions end the life of an unborn child and can be dangerous to the health and lives of pregnant mothers, as well.<\/p>\n\t\t\t<a href=\"https:\/\/gabrielprojecteasttexas.org\/documents\/MajorRisksAbortionPill.pdf\" target=\"_blank\" rel=\"noopener\">\n\t\t\t\t\t\tM\u00e1s informaci\u00f3n &gt;&gt;\n\t\t\t\t\t<\/a>\n\t\t\t\t<img loading=\"lazy\" decoding=\"async\" src=\"https:\/\/gabrielprojecteasttexas.org\/wp-content\/uploads\/2023\/04\/APRN_Impact_Report_2022.jpg\" alt=\"Abortion Pill Reversal Network Impact Report\" itemprop=\"image\" height=\"2400\" width=\"1866\" title=\"APRN_Impact_Report_2022\" onerror=\"this.style.display='none'\"  \/>\n\t\t\t<a href=\"https:\/\/gabrielprojecteasttexas.org\/reports\/APRNImpactReport2022.pdf\" target=\"_blank\" rel=\"noopener\">\n\t\t\t\t\t\tDownload the report >>\n\t\t\t\t\t<\/a>","protected":false},"excerpt":{"rendered":"<p>Help Me Save My Baby Home | About Us | Abortion Pill Reversal Abortion Pill Reversal Are you having doubts about a chemical abortion? Have you taken the first abortion pill and want to save your baby? It may be possible to reverse the effects of the abortion pill. If you have taken an abortion&hellip;<\/p>","protected":false},"author":1,"featured_media":0,"parent":0,"menu_order":0,"comment_status":"closed","ping_status":"closed","template":"","meta":{"_acf_changed":false,"_seopress_robots_primary_cat":"","_seopress_titles_title":"Abortion Pill Reversal - The Gabriel Project East Texas","_seopress_titles_desc":"Were you given an abortion pill and want to save your baby? If you have taken an abortion pill and would like to attempt to reverse the abortion pill...","_seopress_robots_index":"","footnotes":""},"class_list":["post-2433","page","type-page","status-publish","hentry"],"acf":[],"_links":{"self":[{"href":"https:\/\/gabrielprojecteasttexas.org\/es\/wp-json\/wp\/v2\/pages\/2433","targetHints":{"allow":["GET"]}}],"collection":[{"href":"https:\/\/gabrielprojecteasttexas.org\/es\/wp-json\/wp\/v2\/pages"}],"about":[{"href":"https:\/\/gabrielprojecteasttexas.org\/es\/wp-json\/wp\/v2\/types\/page"}],"author":[{"embeddable":true,"href":"https:\/\/gabrielprojecteasttexas.org\/es\/wp-json\/wp\/v2\/users\/1"}],"replies":[{"embeddable":true,"href":"https:\/\/gabrielprojecteasttexas.org\/es\/wp-json\/wp\/v2\/comments?post=2433"}],"version-history":[{"count":35,"href":"https:\/\/gabrielprojecteasttexas.org\/es\/wp-json\/wp\/v2\/pages\/2433\/revisions"}],"predecessor-version":[{"id":2689,"href":"https:\/\/gabrielprojecteasttexas.org\/es\/wp-json\/wp\/v2\/pages\/2433\/revisions\/2689"}],"wp:attachment":[{"href":"https:\/\/gabrielprojecteasttexas.org\/es\/wp-json\/wp\/v2\/media?parent=2433"}],"curies":[{"name":"wp","href":"https:\/\/api.w.org\/{rel}","templated":true}]}}