{"id":1965,"date":"2022-05-17T19:37:29","date_gmt":"2022-05-18T02:37:29","guid":{"rendered":"https:\/\/gabrielprojecteasttexas.org\/?page_id=1965"},"modified":"2022-07-27T14:05:26","modified_gmt":"2022-07-27T21:05:26","slug":"adoption","status":"publish","type":"page","link":"https:\/\/gabrielprojecteasttexas.org\/es\/adoption\/","title":{"rendered":"Adopci\u00f3n"},"content":{"rendered":"<p><a href=\"https:\/\/gabrielprojecteasttexas.org\/es\/\">Casa<\/a> | <a href=\"https:\/\/gabrielprojecteasttexas.org\/es\/options\/\">Opciones<\/a> | Adopci\u00f3n<\/p>\n<h1>\n\t\tLa adopci\u00f3n es una opci\u00f3n amorosa\n\t<\/h1>\n\t<p>If you are pregnant, you may believe that parenting and abortion are the only options available to you. If you do not feel that either of these options are right for you, this may cause you distress. However, there is a third option that we can help you research-adoption.<\/p>\n<h2>\n\t\tServicios de adopci\u00f3n\n\t<\/h2>\n\t<p>La adopci\u00f3n significa que usted, como padre biol\u00f3gico, cede voluntariamente sus derechos como padre de su beb\u00e9 a otra familia. Elegir la adopci\u00f3n significa que quieres que tu beb\u00e9 tenga una buena vida, pero que ahora mismo puede no ser el mejor momento para ser padre o madre.<\/p>\n<p>La adopci\u00f3n es una opci\u00f3n valiente y amorosa para tu beb\u00e9. Cuando das a tu beb\u00e9 en adopci\u00f3n, lo pones en manos de unos padres cari\u00f1osos que pueden criarlo para que tenga la buena vida que t\u00fa quieres para \u00e9l.<\/p>\n<p>In Texas, there are many resources available to help you decide whether adoption is the right choice for you and your baby. Each adoption is different, and help is available to make sure that the adoption process fits your and your baby&#8217;s needs.<\/p>\n<h2>\n\t\tOpciones de adopci\u00f3n\n\t<\/h2>\n\t\t\t\t<img loading=\"lazy\" decoding=\"async\" src=\"https:\/\/gabrielprojecteasttexas.org\/wp-content\/uploads\/2022\/05\/AdoptionALovingOption.jpg\" alt=\"Adoption is a Loving Option\" itemprop=\"image\" height=\"2400\" width=\"1600\" title=\"Adoption A Loving Option\" onerror=\"this.style.display='none'\">\n\t<p>Si opta por la adopci\u00f3n, el tipo de adopci\u00f3n que desee depende enteramente de usted. Puedes seleccionar y conocer a la familia que adoptar\u00e1 a tu beb\u00e9. Puedes elegir uno de los dos tipos de adopci\u00f3n para tu beb\u00e9.<\/p>\n<h3>Open Adoption<\/h3>\n<p>Una adopci\u00f3n abierta te permite estar en contacto con tu beb\u00e9 a medida que crece, quiz\u00e1 mediante fotos, llamadas telef\u00f3nicas o visitas.<\/p>\n<h3>Closed Adoption<\/h3>\n<p>Una adopci\u00f3n cerrada significa que no habr\u00e1 contacto entre usted y la familia que adopte a su beb\u00e9 una vez que la adopci\u00f3n haya finalizado.<\/p>\n<p>Puede hablar con un miembro de la familia, un \u00c1ngel Gabriel, un consejero espiritual o profesional, o un amigo cercano para pedirles consejo sobre la adopci\u00f3n. Dado que la adopci\u00f3n es una decisi\u00f3n importante, es posible que quieras el apoyo de aquellos en los que conf\u00edas a la hora de tomar esta decisi\u00f3n.<\/p>\n<p>Nunca es demasiado tarde para elegir la adopci\u00f3n para tu beb\u00e9. Puedes tomar esta decisi\u00f3n en cualquier momento de tu embarazo o incluso despu\u00e9s de que tu beb\u00e9 haya nacido.<\/p>\n<p>Podemos ayudarle a ponerse en contacto con una organizaci\u00f3n de Texas que ofrezca servicios de adopci\u00f3n.<\/p>\n<p>Tomado de: <i>A Woman&#8217;s Right to Know<\/i><\/p>\n\t\t\t<a href=\"https:\/\/gabrielprojecteasttexas.org\/es\/contact-us\/\" target=\"_self\" role=\"button\" rel=\"noopener\">\n\t\t\t\t\t\t\tContacte con el Proyecto Gabriel del Este de Texas\n\t\t\t<\/a>","protected":false},"excerpt":{"rendered":"<p>Home | Options | Adoption Adoption is a Loving Option If you are pregnant, you may believe that parenting and abortion are the only options available to you. If you do not feel that either of these options are right for you, this may cause you distress. However, there is a third option that we&hellip;<\/p>","protected":false},"author":1,"featured_media":0,"parent":0,"menu_order":0,"comment_status":"closed","ping_status":"closed","template":"","meta":{"_acf_changed":false,"_seopress_robots_primary_cat":"","_seopress_titles_title":"Adoption - The Gabriel Project of East Texas","_seopress_titles_desc":"Adoption means voluntarily transferring your rights as the parent of your baby to another family because you want your baby to have a good life.","_seopress_robots_index":"","footnotes":""},"class_list":["post-1965","page","type-page","status-publish","hentry"],"acf":[],"_links":{"self":[{"href":"https:\/\/gabrielprojecteasttexas.org\/es\/wp-json\/wp\/v2\/pages\/1965","targetHints":{"allow":["GET"]}}],"collection":[{"href":"https:\/\/gabrielprojecteasttexas.org\/es\/wp-json\/wp\/v2\/pages"}],"about":[{"href":"https:\/\/gabrielprojecteasttexas.org\/es\/wp-json\/wp\/v2\/types\/page"}],"author":[{"embeddable":true,"href":"https:\/\/gabrielprojecteasttexas.org\/es\/wp-json\/wp\/v2\/users\/1"}],"replies":[{"embeddable":true,"href":"https:\/\/gabrielprojecteasttexas.org\/es\/wp-json\/wp\/v2\/comments?post=1965"}],"version-history":[{"count":34,"href":"https:\/\/gabrielprojecteasttexas.org\/es\/wp-json\/wp\/v2\/pages\/1965\/revisions"}],"predecessor-version":[{"id":2554,"href":"https:\/\/gabrielprojecteasttexas.org\/es\/wp-json\/wp\/v2\/pages\/1965\/revisions\/2554"}],"wp:attachment":[{"href":"https:\/\/gabrielprojecteasttexas.org\/es\/wp-json\/wp\/v2\/media?parent=1965"}],"curies":[{"name":"wp","href":"https:\/\/api.w.org\/{rel}","templated":true}]}}