{"id":1947,"date":"2022-05-17T18:28:21","date_gmt":"2022-05-17T18:28:21","guid":{"rendered":"https:\/\/gabrielprojecteasttexas.org\/?page_id=1947"},"modified":"2022-05-30T00:08:46","modified_gmt":"2022-05-30T07:08:46","slug":"parenting","status":"publish","type":"page","link":"https:\/\/gabrielprojecteasttexas.org\/es\/parenting\/","title":{"rendered":"Crianza de los hijos"},"content":{"rendered":"<p><a href=\"https:\/\/gabrielprojecteasttexas.org\/es\/\">Casa<\/a> | <a href=\"https:\/\/gabrielprojecteasttexas.org\/es\/options\/\">Opciones<\/a> | Paternidad<\/p>\n<h1>\n\t\tCrianza de los hijos\n\t<\/h1>\n<h2>\n\t\t\u00bfEs la crianza de los hijos adecuada para usted?\n\t<\/h2>\n\t\t\t\t<img loading=\"lazy\" decoding=\"async\" src=\"https:\/\/gabrielprojecteasttexas.org\/wp-content\/uploads\/2022\/05\/ParentingRight.jpg\" alt=\"Is Parenting Right for You?\" itemprop=\"image\" height=\"2000\" width=\"2400\" title=\"Parenting Right\" onerror=\"this.style.display='none'\"  \/>\n\t<p>Seguramente le rondan por la cabeza muchos pensamientos diferentes, por no hablar de las preguntas. Es posible que sienta miedo, verg\u00fcenza, confusi\u00f3n, culpabilidad o conmoci\u00f3n. Esto es completamente normal y no est\u00e1s sola. Muchas j\u00f3venes madres embarazadas se sienten as\u00ed. Un \u00c1ngel Gabriel est\u00e1 aqu\u00ed para ayudarte. Una de las opciones que tienes tras el nacimiento de tu beb\u00e9 es abrazar la maternidad. Algunas preguntas que pueden ayudarte a centrar tu mente en la posibilidad de ser madre de tu beb\u00e9 son:<\/p>\n<ol>\n<li>\u00bfC\u00f3mo puedo mantener a mi hijo?<\/li>\n<li>\u00bfDe qu\u00e9 sistemas de apoyo dispongo?<\/li>\n<li>\u00bfQu\u00e9 recursos hay en mi comunidad?<\/li>\n<\/ol>\n<p>Gabriel Angels are here to help you answer these questions and get you the support that you need to help you as you explore all of your options-<a href=\"tel:888-300-5112\">888-300-5112<\/a>.<\/p>\n<h2>\n\t\t\u00bfD\u00f3nde vas a vivir?\n\t<\/h2>\n\t<p>Si necesita una vivienda de maternidad durante su embarazo, Living Alternatives y Heart of Hope Ministries ofrecen viviendas comunitarias libres de alquiler a las madres embarazadas que necesitan un lugar seguro para vivir. Podemos ayudar a conectarte con estas posibilidades de vida.<\/p>\n<h2>\n\t\tDoes My Baby&#8217;s Father Have Any Obligations?\n\t<\/h2>\n\t<h3>Asistencia para obtener servicios de manutenci\u00f3n de los hijos<\/h3>\nYour child&#8217;s father is legally required to pay to support your child, and the Texas Office of the Attorney General can assist you in obtaining this support. The Texas Attorney General&#8217;s Child Support Division can help locate missing fathers, legally prove who the father is, initiate child support orders and collect child support payments. Texas is the top-performing state in terms of ensuring parents pay what they owe. Texas has a high collection success rate: 65.2 percent of all child support amounts due are collected. If you need services, call <a href=\"tel:800-252-8014\">800-252-8014<\/a> o visite <a href=\"http:\/\/www.texasattorneygeneral.gov\/cs\" target=\"_blank\" rel=\"noopener\">www.texasattorneygeneral.gov\/cs<\/a>. Si es usted una superviviente de la violencia familiar, hay pasos que puede dar para conseguir la manutenci\u00f3n de sus hijos de forma segura.<br \/>\nPara m\u00e1s informaci\u00f3n, visite <a href=\"http:\/\/www.getchildsupportsafely.org\" target=\"_blank\" rel=\"noopener\">www.getchildsupportsafely.org<\/a>.\n<p>Tomado de: <em>A Woman&#8217;s Right to Know<\/em><\/p>\n<h2>\n\t\t\u00bfQui\u00e9n me ayudar\u00e1?\n\t<\/h2>\n\t<p>Our Gabriel Angels are here to offer you the support that you need and connect you to the resources that are available to you and your baby. Being a parent is not easy, but it is so rewarding. If you want to speak with a Gabriel Angel, we are here to help you 24 hours a day, 7 days a week-<a href=\"tel:888-300-5112\">888-300-5112<\/a>.<\/p>\n\t\t\t<a href=\"https:\/\/gabrielprojecteasttexas.org\/es\/adoption\/\" target=\"_self\" role=\"button\" rel=\"noopener\">\n\t\t\t\t\t\t\tInformaci\u00f3n sobre la adopci\u00f3n\n\t\t\t<\/a>","protected":false},"excerpt":{"rendered":"<p>Home | Options | Parenting Parenting Is Parenting Right for You? There are probably many different thoughts running through your head, not to mention questions. You may be feeling afraid, embarrassed, ashamed, confused, guilty, shocked. This is completely normal, and you are not alone. Many young pregnant mothers feel this way. A Gabriel Angel is&hellip;<\/p>","protected":false},"author":1,"featured_media":0,"parent":0,"menu_order":0,"comment_status":"closed","ping_status":"closed","template":"","meta":{"_acf_changed":false,"_seopress_robots_primary_cat":"","_seopress_titles_title":"Parenting - The Gabriel Project of East Texas","_seopress_titles_desc":"One option you have after the birth of your baby is motherhood. Here are some questions to help you focus your mind on the possibility of parenting","_seopress_robots_index":"","footnotes":""},"class_list":["post-1947","page","type-page","status-publish","hentry"],"acf":[],"_links":{"self":[{"href":"https:\/\/gabrielprojecteasttexas.org\/es\/wp-json\/wp\/v2\/pages\/1947","targetHints":{"allow":["GET"]}}],"collection":[{"href":"https:\/\/gabrielprojecteasttexas.org\/es\/wp-json\/wp\/v2\/pages"}],"about":[{"href":"https:\/\/gabrielprojecteasttexas.org\/es\/wp-json\/wp\/v2\/types\/page"}],"author":[{"embeddable":true,"href":"https:\/\/gabrielprojecteasttexas.org\/es\/wp-json\/wp\/v2\/users\/1"}],"replies":[{"embeddable":true,"href":"https:\/\/gabrielprojecteasttexas.org\/es\/wp-json\/wp\/v2\/comments?post=1947"}],"version-history":[{"count":34,"href":"https:\/\/gabrielprojecteasttexas.org\/es\/wp-json\/wp\/v2\/pages\/1947\/revisions"}],"predecessor-version":[{"id":2429,"href":"https:\/\/gabrielprojecteasttexas.org\/es\/wp-json\/wp\/v2\/pages\/1947\/revisions\/2429"}],"wp:attachment":[{"href":"https:\/\/gabrielprojecteasttexas.org\/es\/wp-json\/wp\/v2\/media?parent=1947"}],"curies":[{"name":"wp","href":"https:\/\/api.w.org\/{rel}","templated":true}]}}