{"id":19,"date":"2022-04-29T09:23:22","date_gmt":"2022-04-29T16:23:22","guid":{"rendered":"https:\/\/gabrielprojecteasttexas.org\/?page_id=19"},"modified":"2024-03-21T07:11:10","modified_gmt":"2024-03-21T14:11:10","slug":"index","status":"publish","type":"page","link":"https:\/\/gabrielprojecteasttexas.org\/es\/","title":{"rendered":"Casa"},"content":{"rendered":"<h2>Are you pregnant- worried and feeling overwhelmed?<br \/>\n\u00a1Ll\u00e1menos! \u00a1No est\u00e1 solo! Podemos ayudarle.<\/h2>\n<h2><a href=\"tel:888-300-5112\">888-300-5112<\/a><\/h2>\n<h1>\n\t\tEl Proyecto Gabriel del Este de Texas\n\t<\/h1>\n\t<p>Our mission is to respect all life-at every age, in every circumstance. This means we are profoundly committed not only to your unborn child, but also to you, the pregnant mother.<\/p>\n\t<meta itemprop=\"name\" content=\"The Miracle of Life\" \/><meta itemprop=\"uploadDate\" content=\"2022-05-19T00:00:00+00:00\" \/><meta itemprop=\"thumbnailUrl\" content=\"https:\/\/gabrielprojecteasttexas.org\/wp-content\/uploads\/2022\/05\/MiracleofLifeDNA.png\" \/><meta itemprop=\"description\" content=\"The Miracle of Life details the growth of a baby in his or her mother&#039;s womb from conception to birth.\" \/><meta itemprop=\"contentUrl\" content=\"https:\/\/gabrielprojecteasttexas.org\/wp-content\/uploads\/2022\/05\/themiracleoflife.mp4\" \/><meta itemprop=\"embedUrl\" content=\"https:\/\/gabrielprojecteasttexas.org\/wp-content\/uploads\/2022\/05\/themiracleoflife.mp4\" \/><meta itemprop=\"url\" content=\"https:\/\/gabrielprojecteasttexas.org\/wp-content\/uploads\/2022\/05\/themiracleoflife.mp4\" \/><meta itemprop=\"thumbnail\" content=\"\" \/><div style=\"width: 640px;\" class=\"wp-video\"><video class=\"wp-video-shortcode\" id=\"video-19-1\" width=\"640\" height=\"360\" loop preload=\"metadata\" controls=\"controls\"><source type=\"video\/mp4\" src=\"https:\/\/gabrielprojecteasttexas.org\/wp-content\/uploads\/2022\/05\/themiracleoflife.mp4?_=1\" \/><a href=\"https:\/\/gabrielprojecteasttexas.org\/wp-content\/uploads\/2022\/05\/themiracleoflife.mp4\">https:\/\/gabrielprojecteasttexas.org\/wp-content\/uploads\/2022\/05\/themiracleoflife.mp4<\/a><\/video><\/div>\n\t<p>The volunteers of the Gabriel Project of East Texas understand that an unexpected pregnancy can create a crisis that profoundly affects a young woman. An unexpected pregnancy may make a woman feel like her entire future life and happiness are at stake. Her baby&#8217;s future life and happiness are at stake, too. A young pregnant woman in this situation needs a friend, someone who will be there for her, listen in a non-judgmental way, answer her questions, and either provide or direct her to real help-the kind of pregnancy help a young mother might not find elsewhere. A Gabriel Project Angel can provide that support for her.<\/p>\n<h3>\n\t\tSi est\u00e1 embarazada y necesita ayuda, llame a nuestra l\u00ednea telef\u00f3nica gratuita\n\t<\/h3>\n\t<p>Estamos aqu\u00ed para ayudarle las 24 horas del d\u00eda, los 7 d\u00edas de la semana. Todas las llamadas son confidenciales.<\/p>\n\t\t\t<a href=\"tel:888-300-5112\" target=\"_self\" rel=\"noopener\">\n\t\t\t\t\t\tLl\u00e1menos.\n\t\t\t\t\t<\/a>\n<h2>\n\t\tThe Gabriel Project of East Texas Offers Free &#038; Confidential Pregnancy Help\n\t<\/h2>\n<h3>\n\t\t\u00bfQu\u00e9 ayuda para el embarazo podemos ofrecer?\n\t<\/h3>\n\t\t\t <p>Hay muchas agencias de recursos locales en su comunidad; le ayudaremos a encontrar y acceder a recursos y servicios m\u00e9dicos, legales, de adopci\u00f3n, de asesoramiento, de Medicaid, de WIC y otros, seg\u00fan sea necesario.<\/p>\t\t\n\t\t\t <p>Podemos ayudar con la ropa de maternidad y de beb\u00e9.<\/p>\t\t\n\t\t\t <p>Proporcionamos informaci\u00f3n para ayudarle a prepararse para el parto, la lactancia y la crianza.<\/p>\t\t\n\t\t\t <p>Nuestros voluntarios y nuestras iglesias os tienen a ti y a tu beb\u00e9 en nuestras oraciones diarias.<\/p>\t\t\n\t\t\t <p>Tendr\u00e1s un <strong>\u00c1ngel en tu esquina<\/strong> que te ayudar\u00e1 en los momentos tensos y dif\u00edciles, y s\u00ed, en los maravillosos tiempos que se avecinan.<\/p>\t\t\n\t<h3>L\u00ednea de ayuda gratuita 24 horas<\/h3>\n<p><strong><a href=\"tel:888-300-5112\">888-300-5112<\/a><\/strong><\/p>\n\t<h4>Todos los servicios de embarazo se ofrecen con estricta confidencialidad.<\/h4>\n\t\t\t\t<img loading=\"lazy\" decoding=\"async\" src=\"https:\/\/gabrielprojecteasttexas.org\/wp-content\/uploads\/2022\/05\/MomLookingatBaby.jpg\" alt=\"Young Mom Looking at Baby\" itemprop=\"image\" height=\"2400\" width=\"1702\" title=\"Mam\u00e1 mirando al beb\u00e9\" onerror=\"this.style.display='none'\"  \/>\n<h2>\n\t\tAre you pregnant and worried or feeling overwhelmed?\n\t<\/h2>\n\t<p><strong>Before you make a decision that can never be undone, take the time to consider the following:<\/strong><\/p>\n\t\t\t\t<img loading=\"lazy\" decoding=\"async\" src=\"https:\/\/gabrielprojecteasttexas.org\/wp-content\/uploads\/2022\/05\/Pregnant.jpg\" alt=\"Pregnant Young Mom\" itemprop=\"image\" height=\"1498\" width=\"1000\" title=\"Embarazada\" onerror=\"this.style.display='none'\"  \/>\n\t\t\t <p>Whether this pregnancy was planned or unplanned, No child is unplanned in the sight of God.  <\/p>\n\t\t\t <p>No matter the challenges you face, trust that this unique and beautiful gift will be realized the moment you come face to face with your child.<\/p>\n\t\t\t <p>Your baby&#8217;s heart has already begun to beat by the time the you miss your period and wonder if you might be pregnant.<\/p>\n\t\t\t <p>By the tenth week, your son or daughter has identifiable arms and legs and displays measurable brain waves&#8230;  <em>And his or her face is recognizably human with physical traits of Mom and Dad.<\/em><\/p>\n\t\t\t <p>At eleven to twelve weeks, an ultrasound can most likely determine the sex of your baby.<\/p>\t\t\n\t\t\t <p>God is the Creator of Life.  What is His plan for you?  What is God&#8217;s plan for your unborn daughter or son?<\/p>\n\t\t\t <p>Maternity is truly a gift to be treasured.  No mother should feel pressured to give up this gift.<\/p>\n\t\t\t <p>Early pregnancy testing, ultrasound, and medical care is important for both Mom and Baby.\u00a0 <strong><em>Reach out to us today, let&#8217;s talk.<\/em><\/strong><\/p>\t\t\n\t\t\t<a href=\"https:\/\/gabrielprojecteasttexas.org\/es\/options\/\" target=\"_self\" rel=\"noopener\">\n\t\t\t\t\t\tWe&#8217;re Here to Help You\n\t\t\t\t\t<\/a>\n\t<p>The Gabriel Project of East Texas offers free pregnancy help to pregnant women throughout East Texas.<\/p>","protected":false},"excerpt":{"rendered":"<p>Are you pregnant- worried and feeling overwhelmed? Call Us! You Are Not Alone! We Can Help! 888-300-5112 The Gabriel Project of East Texas Our mission is to respect all life-at every age, in every circumstance. This means we are profoundly committed not only to your unborn child, but also to you, the pregnant mother. The&hellip;<\/p>","protected":false},"author":1,"featured_media":0,"parent":0,"menu_order":0,"comment_status":"closed","ping_status":"closed","template":"","meta":{"_acf_changed":false,"_seopress_robots_primary_cat":"","_seopress_titles_title":"The Gabriel Project of East Texas - Offers Free Pregnancy Help","_seopress_titles_desc":"The Gabriel Project of East Texas respects life at every age, in every circumstance. We are committed not only to your unborn child, but also to you the mother.","_seopress_robots_index":"","footnotes":""},"class_list":["post-19","page","type-page","status-publish","hentry"],"acf":[],"_links":{"self":[{"href":"https:\/\/gabrielprojecteasttexas.org\/es\/wp-json\/wp\/v2\/pages\/19","targetHints":{"allow":["GET"]}}],"collection":[{"href":"https:\/\/gabrielprojecteasttexas.org\/es\/wp-json\/wp\/v2\/pages"}],"about":[{"href":"https:\/\/gabrielprojecteasttexas.org\/es\/wp-json\/wp\/v2\/types\/page"}],"author":[{"embeddable":true,"href":"https:\/\/gabrielprojecteasttexas.org\/es\/wp-json\/wp\/v2\/users\/1"}],"replies":[{"embeddable":true,"href":"https:\/\/gabrielprojecteasttexas.org\/es\/wp-json\/wp\/v2\/comments?post=19"}],"version-history":[{"count":298,"href":"https:\/\/gabrielprojecteasttexas.org\/es\/wp-json\/wp\/v2\/pages\/19\/revisions"}],"predecessor-version":[{"id":2699,"href":"https:\/\/gabrielprojecteasttexas.org\/es\/wp-json\/wp\/v2\/pages\/19\/revisions\/2699"}],"wp:attachment":[{"href":"https:\/\/gabrielprojecteasttexas.org\/es\/wp-json\/wp\/v2\/media?parent=19"}],"curies":[{"name":"wp","href":"https:\/\/api.w.org\/{rel}","templated":true}]}}