{"id":186,"date":"2014-08-05T13:29:13","date_gmt":"2014-08-05T20:29:13","guid":{"rendered":"http:\/\/www.gabrielprojecteasttexas.org\/en\/?page_id=186"},"modified":"2022-07-30T07:42:19","modified_gmt":"2022-07-30T14:42:19","slug":"united-states-abortion-statistics-from-1973-to-2017","status":"publish","type":"page","link":"https:\/\/gabrielprojecteasttexas.org\/es\/education\/united-states-abortion-statistics-from-1973-to-2017\/","title":{"rendered":"Estad\u00edsticas del aborto en Estados Unidos de 1973 a 2017"},"content":{"rendered":"<p><a href=\"https:\/\/gabrielprojecteasttexas.org\/es\/\">Casa<\/a> | <a href=\"https:\/\/gabrielprojecteasttexas.org\/es\/education\/\">Educaci\u00f3n<\/a> | Estad\u00edsticas sobre el aborto en Estados Unidos<\/p>\n<h1>\n\t\tEstad\u00edsticas del aborto en Estados Unidos de 1973 a 2018\n\t<\/h1>\n\t\t60,942,033\n\t\t\t\t\tAbortions since 1973\n\t<p><a href=\"https:\/\/www.mccl.org\/abortion-in-america\" target=\"_blank\" rel=\"noopener\">https:\/\/www.mccl.org\/abortion-in-america<\/a><\/p>\n<h1>\n\t\tAmericans&#8217; Views Concerning Abortion\n\t<\/h1>\n\t<p>El 60% de los estadounidenses piensa que el aborto deber\u00eda ser legal s\u00f3lo en algunas circunstancias (39%) o en ninguna (21%); s\u00f3lo el 38% piensa que el aborto deber\u00eda ser legal en la mayor\u00eda o en todas las circunstancias.<\/p>\n<p>El 62% de las mujeres (frente al 58% de los hombres) piensa que el aborto deber\u00eda ser legal s\u00f3lo en algunas circunstancias o en ninguna.<\/p>\n<p><em>Fuente: Gallup, 2019<\/em><\/p>\n<p>El 65% de los estadounidenses piensa que el aborto deber\u00eda ser generalmente ilegal en el segundo trimestre del embarazo; el 81% piensa que el aborto deber\u00eda ser generalmente ilegal en el tercer trimestre.<\/p>\n<p><em>Fuente: Gallup, 2018<\/em><\/p>\n<p>El 54% de los estadounidenses se oponen a utilizar el dinero de los impuestos para pagar el aborto.<\/p>\n<p>El 59% de los estadounidenses apoya una legislaci\u00f3n que proh\u00edba el aborto despu\u00e9s de las 20 semanas de embarazo (excepto para salvar la vida de la madre).<\/p>\n<p><em>Fuente: Marista, enero de 2019<\/em><\/p>\n<p>El 78% cree que las mujeres que abortan suelen experimentar reacciones emocionales negativas de moderadamente graves a muy graves ante el aborto.<\/p>\n<p><em>Fuente: Medical Science Monitor, 2003<\/em><\/p>\n<p>El 95% de las mujeres quiere ser informada de todos los riesgos de un procedimiento m\u00e9dico; el 69% quiere ser informada de todas las alternativas<\/p>\n<p><em>Fuente: Journal of Medical Ethics, julio de 2006<\/em><\/p>\n<p>64% of women who experienced one or more abortions &#8220;felt pressured by others&#8221; to have the abortion.<\/p>\n<p><em>Fuente: Medical Science Monitor, 2004<\/em><\/p>\n<h2>\n\t\tPiensa en esto\n\t<\/h2>\n\t\t\t\t\t\t\tEvery 34 seconds\n\t\t\t1\n\t\t\t\t\t\t\tbaby is aborted\n\t\t\t\t\t\t\tEvery hour\n\t\t\t106\n\t\t\t\t\t\t\tbabies are aborted\n\t\t\t\t\t\t\tEvery day\n\t\t\t2,538\n\t\t\t\t\t\t\tbabies are aborted\n\t<p><strong>s\u00f3lo en Estados Unidos<\/strong><\/p>\n<h3>\n\t\t\u00bfPor qu\u00e9 abortan las mujeres?\n\t<\/h3>\n\t<ol>\n<li>El 56% dice que no es el momento adecuado para tener un beb\u00e9, o que un beb\u00e9 interferir\u00eda con las oportunidades futuras.<\/li>\n<li>El 40% dice no estar preparado econ\u00f3micamente para tener un hijo.<\/li>\n<li>El 31% dice que no quiere ser madre soltera, o que tiene problemas de relaci\u00f3n con su marido o pareja.<\/li>\n<li><b>Menos del 2%<\/b> dicen haberse quedado embarazadas como resultado de una violaci\u00f3n o de un incesto.<\/li>\n<\/ol>","protected":false},"excerpt":{"rendered":"<p>Home | Education | United States Abortion Statistics United States Abortion Statistics from 1973 to 2018 60,942,033 Abortions since 1973 https:\/\/www.mccl.org\/abortion-in-america Americans&#8217; Views Concerning Abortion 60% of Americans think abortion should be legal in only a few circumstances (39%) or in no circumstances (21%); just 38% think abortion should be legal in most or all&hellip;<\/p>","protected":false},"author":1,"featured_media":0,"parent":349,"menu_order":50,"comment_status":"closed","ping_status":"closed","template":"","meta":{"_acf_changed":false,"_seopress_robots_primary_cat":"","_seopress_titles_title":"United States Abortion Statistics - The Gabriel Project of East Texas","_seopress_titles_desc":"See abortion statistics and learn about American views concerning abortion.","_seopress_robots_index":"","footnotes":""},"class_list":["post-186","page","type-page","status-publish","hentry"],"acf":[],"_links":{"self":[{"href":"https:\/\/gabrielprojecteasttexas.org\/es\/wp-json\/wp\/v2\/pages\/186","targetHints":{"allow":["GET"]}}],"collection":[{"href":"https:\/\/gabrielprojecteasttexas.org\/es\/wp-json\/wp\/v2\/pages"}],"about":[{"href":"https:\/\/gabrielprojecteasttexas.org\/es\/wp-json\/wp\/v2\/types\/page"}],"author":[{"embeddable":true,"href":"https:\/\/gabrielprojecteasttexas.org\/es\/wp-json\/wp\/v2\/users\/1"}],"replies":[{"embeddable":true,"href":"https:\/\/gabrielprojecteasttexas.org\/es\/wp-json\/wp\/v2\/comments?post=186"}],"version-history":[{"count":37,"href":"https:\/\/gabrielprojecteasttexas.org\/es\/wp-json\/wp\/v2\/pages\/186\/revisions"}],"predecessor-version":[{"id":2572,"href":"https:\/\/gabrielprojecteasttexas.org\/es\/wp-json\/wp\/v2\/pages\/186\/revisions\/2572"}],"up":[{"embeddable":true,"href":"https:\/\/gabrielprojecteasttexas.org\/es\/wp-json\/wp\/v2\/pages\/349"}],"wp:attachment":[{"href":"https:\/\/gabrielprojecteasttexas.org\/es\/wp-json\/wp\/v2\/media?parent=186"}],"curies":[{"name":"wp","href":"https:\/\/api.w.org\/{rel}","templated":true}]}}