{"id":1578,"date":"2022-05-12T04:10:32","date_gmt":"2022-05-12T04:10:32","guid":{"rendered":"https:\/\/gabrielprojecteasttexas.org\/?page_id=1578"},"modified":"2022-06-16T22:49:32","modified_gmt":"2022-06-17T05:49:32","slug":"pregnancy","status":"publish","type":"page","link":"https:\/\/gabrielprojecteasttexas.org\/es\/pregnancy\/","title":{"rendered":"Embarazo"},"content":{"rendered":"<p><a href=\"https:\/\/gabrielprojecteasttexas.org\/es\/\">Casa<\/a> | <a href=\"https:\/\/gabrielprojecteasttexas.org\/es\/options\/\">Opciones<\/a> | Embarazo<\/p>\n<h1>\n\t\t\u00bfEst\u00e1 usted embarazada de forma inesperada?\n\t<\/h1>\n\t<p>\u00bfEst\u00e1 usted embarazada? \u00bfTienes miedo? \u00bfNo sabes qu\u00e9 hacer? \u00bfC\u00f3mo se lo dir\u00e1s a tus padres? \u00bfC\u00f3mo vas a poder terminar la escuela? \u00bfQu\u00e9 dir\u00e1n tus amigos?\u00a0 \u00bfQu\u00e9 dir\u00e1 tu novio? Nuestra l\u00ednea de ayuda para el embarazo est\u00e1 disponible las 24 horas del d\u00eda, los 7 d\u00edas de la semana, para ayudarte a resolver tus dudas una a una y conseguir el apoyo que necesitas para superar tu embarazo. Ll\u00e1menos al <a href=\"https:\/\/gabrielprojecteasttexas.org\/es\/\">888-300-5112<\/a>. Estamos preparados y dispuestos a ayudarle.<\/p>\n\t<p>Si se pregunta por qu\u00e9 el Proyecto Gabriel del Este de Texas no ofrece el aborto como opci\u00f3n, siga leyendo.<\/p>\n<h2>\n\t\tDatos del beb\u00e9\n\t<\/h2>\n\t<p>Since Roe v. Wade (the court case that legalized deliberate abortions), thanks to ultrasounds and other technology, science has taught us a lot about babies in their mothers&#8217; wombs. It is not possible to be\u00a0confused about the humanity of the unborn baby any longer. We know the truth. Therefore, abortion is not an option.<\/p>\n<p>\u00bfSab\u00edas que a las diez semanas de gestaci\u00f3n (ocho semanas despu\u00e9s de la concepci\u00f3n) se puede determinar con precisi\u00f3n el sexo de tu beb\u00e9 a partir de una simple muestra de sangre tomada de tu mano? A continuaci\u00f3n te ofrecemos otros datos interesantes sobre tu hijo o hija en crecimiento.<\/p>\n\t\t<h3>21 d\u00edas<\/h3>\t\t\n\t\t\t<p>Your baby&#8217;s heartbeat can be detected.<\/p>\n\t\t<h3>43 d\u00edas<\/h3>\t\t\n\t\t\t<p>Your baby&#8217;s brain coordinates his or her movements.<\/p>\n\t\t<h3>8 semanas<\/h3>\t\t\n\t\t\t<p>All of your baby&#8217;s organs are functioning.<\/p>\n\t\t<h3>9 semanas<\/h3>\t\t\n\t\t\t<p>Tu beb\u00e9 tiene huellas dactilares permanentes e individuales.<\/p>\n\t\t<h3>10 Weeks<\/h3>\t\t\n\t\t\t<p>Your baby&#8217;s sense of touch is developed, and she feels comfort and pain.<\/p>\n\t\t<h3>12 semanas<\/h3>\t\t\n\t\t\t<p>Tu beb\u00e9 sonr\u00ede, se chupa el dedo y cierra el pu\u00f1o.<\/p>\n\t<p>While inside her mother&#8217;s womb, a baby can hear and taste. In fact, some scientists believe that a baby&#8217;s preference for food is determined while the baby is in her mother&#8217;s womb. A baby&#8217;s sense of taste isn&#8217;t the only thing that is developing. Your baby is continuing to grow. Just as a five-week-old baby in her mother&#8217;s womb looks different from a newborn baby, a newborn baby looks different from a five year old, a five year old looks different from a ten year old, a ten year old looks different from a twenty year old, and so on. Your son or daughter is growing and changing inside your womb just as he or she will do throughout life.<\/p>\n\t\t\t<a href=\"https:\/\/gabrielprojecteasttexas.org\/es\/parenting\/\" target=\"_self\" role=\"button\" rel=\"noopener\">\n\t\t\t\t\t\t\tReflexionar sobre la crianza de los hijos\n\t\t\t<\/a>","protected":false},"excerpt":{"rendered":"<p>Home | Options | Pregnancy Are You Unexpectedly Pregnant? Are you pregnant? Are you scared? Are you not sure what to do? How will you tell your parents? How will you be able to finish school? What will your friends say?\u00a0 What will your boyfriend say? Our pregnancy helpline is available 24 hours a day,&hellip;<\/p>","protected":false},"author":1,"featured_media":0,"parent":0,"menu_order":0,"comment_status":"closed","ping_status":"closed","template":"","meta":{"_acf_changed":false,"_seopress_robots_primary_cat":"","_seopress_titles_title":"Pregnancy - The Gabriel Project of East Texas","_seopress_titles_desc":"Since the Roe v. Wade abortion case, thanks to ultrasounds and other technology, science has taught us a lot about babies in their mothers&#039; wombs.","_seopress_robots_index":"","footnotes":""},"class_list":["post-1578","page","type-page","status-publish","hentry"],"acf":[],"_links":{"self":[{"href":"https:\/\/gabrielprojecteasttexas.org\/es\/wp-json\/wp\/v2\/pages\/1578","targetHints":{"allow":["GET"]}}],"collection":[{"href":"https:\/\/gabrielprojecteasttexas.org\/es\/wp-json\/wp\/v2\/pages"}],"about":[{"href":"https:\/\/gabrielprojecteasttexas.org\/es\/wp-json\/wp\/v2\/types\/page"}],"author":[{"embeddable":true,"href":"https:\/\/gabrielprojecteasttexas.org\/es\/wp-json\/wp\/v2\/users\/1"}],"replies":[{"embeddable":true,"href":"https:\/\/gabrielprojecteasttexas.org\/es\/wp-json\/wp\/v2\/comments?post=1578"}],"version-history":[{"count":84,"href":"https:\/\/gabrielprojecteasttexas.org\/es\/wp-json\/wp\/v2\/pages\/1578\/revisions"}],"predecessor-version":[{"id":2469,"href":"https:\/\/gabrielprojecteasttexas.org\/es\/wp-json\/wp\/v2\/pages\/1578\/revisions\/2469"}],"wp:attachment":[{"href":"https:\/\/gabrielprojecteasttexas.org\/es\/wp-json\/wp\/v2\/media?parent=1578"}],"curies":[{"name":"wp","href":"https:\/\/api.w.org\/{rel}","templated":true}]}}